{"id":122,"date":"2009-12-09T21:41:14","date_gmt":"2009-12-10T05:41:14","guid":{"rendered":"http:\/\/henkel.sierraweb.net\/?page_id=122"},"modified":"2024-06-05T10:56:43","modified_gmt":"2024-06-05T16:56:43","slug":"l%e1%bb%9di-ng%e1%bb%8f","status":"publish","type":"page","link":"https:\/\/thovanyenson.com\/?page_id=122","title":{"rendered":"L\u1eddi Ng\u1ecf"},"content":{"rendered":"<p><\/p>\n<p align=\"center\"><img decoding=\"async\" src=\"\/images\/loingo11.jpg\" alt=\"\" \/><\/p>\n<p><\/p>\n<hr\/>\n<p>\n<strong>Ch\u00e0o M\u1eebng B\u1ea1n \u0110\u1ebfn Th\u0103m T\u00f4i<\/strong><\/p>\n<p><em>Th\u00e2n \u00e1i ch\u00e0o m\u1eebng b\u1ea1n \u0111\u1ebfn th\u0103m t\u00f4i<br \/>\nC\u0103n nh\u00e0 m\u1edbi x\u00e2y r\u1ea5t l\u00e0 vinh d\u1ef1<br \/>\nNhi\u1ec1u ph\u00f2ng \u1ed1c c\u00f9ng s\u1eafc m\u00e0u \u0111\u1ee7 th\u1ee9<br \/>\nKi\u1ebfn tr\u00fac t\u00e2n k\u1ef3 c\u1ee7a m\u1ed9t giai nh\u00e2n<\/em> <\/p>\n<p>&#8230;v\u00e0 ri\u00eang t\u00f4i, xin g\u1eedi \u0111\u1ebfn qu\u00fd \u0111\u1ed9c gi\u1ea3 l\u1eddi t\u00e2m s\u1ef1:<\/p>\n<p><em>Th\u01a1, V\u0103n, Ca, Nh\u1ea1c&#8230; kh\u00f4ng l\u00e0 s\u0129<br \/>\nCh\u1ec9 t\u1eadp t\u00e0nh ch\u01a1i, ngh\u0129 ch\u1eafc vui<br \/>\nKh\u00f4ng \u0111\u1ec3 bon chen danh l\u1ee3i h\u00e3o<br \/>\nCh\u1ec9 \u0111\u1ec3 <strong>g\u00f3p ch\u00fat h\u01b0\u01a1ng cho \u0111\u1eddi<\/strong><\/em><\/p>\n<p>C\u00f9ng qu\u00fd \u0111\u1ed9c gi\u1ea3 th\u00e2n m\u1ebfn,<\/p>\n<p>R\u1ea5t vinh d\u1ef1 \u0111\u01b0\u1ee3c g\u1eb7p qu\u00fd v\u1ecb n\u01a1i \u0111\u00e2y v\u00e0 t\u00f4i r\u1ea5t h\u00e3nh di\u1ec7n gi\u1edbi thi\u1ec7u v\u1edbi qu\u00fd v\u1ecb c\u0103n nh\u00e0 c\u1ee7a t\u00f4i v\u1eeba \u0111\u01b0\u1ee3c t\u1ea1o d\u1ef1ng. <\/p>\n<p align=\"justify\">T\u1eeb m\u1ed9t qu\u00e1 tr\u00ecnh \u1edf tu\u1ed5i 15, t\u00f4i \u0111\u00e3 \u0111i qua bao nhi\u00eau th\u0103ng tr\u1ea7m c\u1ee7a m\u1ed9t \u0111\u1eddi c\u1ea7m b\u00fat. T\u1eeb nh\u1eefng b\u00e0i th\u01a1 \u0111\u01b0\u1ee3c \u0111\u0103ng b\u00e1o l\u1ea7n \u0111\u1ea7u, t\u1eeb nh\u1eefng g\u00f3p nh\u1eb7t in th\u00e0nh t\u1eadp \u1edf qu\u00ea nh\u00e0 cho \u0111\u1ec1n nh\u1eefng d\u00f2ng th\u01a1 v\u0103n ph\u00f3ng l\u00ean m\u1ea1ng Internet to\u00e0n c\u1ea7u cho \u0111\u1ebfn ng\u00f4i nh\u00e0 m\u00e0 b\u1ea1n v\u1eeba b\u01b0\u1edbc \u0111\u1ebfn\u2026 t\u1ea5t c\u1ea3 l\u00e0 m\u1ed9t gi\u1ea5c m\u01a1 c\u1ee7a m\u1ed9t ng\u01b0\u1eddi c\u1ea7m b\u00fat! L\u00e0 m\u1ed9t gi\u1ea5c m\u01a1 tr\u1edf th\u00e0nh s\u1ef1 th\u1eadt v\u1edbi t\u00f4i. C\u00e1m \u01a1n ng\u01b0\u1eddi ki\u1ebfn tr\u00fac s\u01b0 t\u00e0i hoa, Thu Li\u1ec5u! Ng\u01b0\u1eddi ki\u1ebfn tr\u00fac s\u01b0 kh\u00f4ng nh\u1eefng v\u1ebd ki\u1ec3u, x\u00e2y d\u1ef1ng n\u00ean c\u0103n nh\u00e0 m\u00e0 c\u00f2n l\u00e0 m\u1ed9t chuy\u00ean vi\u00ean l\u1ed7i l\u1ea1c v\u1ec1 trang tr\u00ed n\u1ed9i th\u1ea5t. T\u1ea5t c\u1ea3 d\u00e0n d\u1ef1ng, m\u00e0u s\u1eafc \u0111\u1ec1u c\u00f3 l\u00fd do c\u1ee7a n\u00f3, \u0111\u1ec1u mang m\u1ed9t \u00fd ngh\u0129a ri\u00eang t\u01b0.<\/p>\n<p align=\"justify\">M\u1eddi b\u1ea1n c\u1ee9 \u0111i d\u1ea1o m\u1ed9t v\u00f2ng, \u0111\u1ec3 \u00fd v\u00e0o t\u1eebng chi ti\u1ebft, t\u00f4i ngh\u0129 b\u1ea1n s\u1ebd r\u1ea5t vui l\u00f2ng. Ng\u01b0\u1eddi ta n\u00f3i \u201cc\u00f3 ti\u1ec1n mua ti\u00ean c\u0169ng \u0111\u01b0\u1ee3c\u201d\u2026 nh\u01b0ng c\u00f3 ti\u1ec1n l\u00e0 c\u00f3 bao nhi\u00eau \u0111\u1ec3 c\u00f3 \u0111\u01b0\u1ee3c c\u0103n nh\u00e0 nh\u01b0 t\u00f4i c\u00f3? V\u00e0 ng\u01b0\u1eddi c\u1ea7m b\u00fat nghi\u1ec7p d\u01b0 nh\u01b0 ch\u00fang ta c\u00f3 m\u1ea5y ai c\u00f3 \u0111\u1ee7 ti\u1ec1n \u0111\u1ec3 mua ti\u00ean, ch\u01b0a n\u00f3i c\u00f3 l\u1eafm th\u1ee9 trong \u0111\u1eddi s\u1ed1ng con ng\u01b0\u1eddi kh\u00f4ng th\u1ec3 mua b\u1eb1ng ti\u1ec1n! T\u00f4i ch\u1eafc sau khi quanh qu\u1ea9n th\u0103m vi\u1ebfng c\u0103n nh\u00e0 c\u1ee7a t\u00f4i b\u1ea1n s\u1ebd th\u1ea5y nh\u1eefng \u0111i\u1ec1u t\u00f4i n\u00f3i kh\u00f4ng qu\u00e1 \u0111\u00e1ng.<\/p>\n<p align=\"justify\">Th\u01a1 c\u1ee7a t\u00f4i h\u00ecnh th\u00e0nh t\u1eeb m\u1ed9t nh\u00f3m ng\u00f4n t\u1eeb x\u1ebfp l\u1ea1i th\u00e0nh v\u1ea7n \u0111i\u1ec7u, c\u00f3 \u00e2m thanh c\u1ed9ng h\u01b0\u1edfng, c\u00f3 m\u00e0u s\u1eafc h\u00e0i h\u00f2a; th\u00eam m\u1ed9t ch\u00fat b\u00f3ng b\u1ea9y, pha m\u1ed9t ch\u00fat l\u00e3ng m\u1ea1n, c\u01b0\u1eddng \u0111i\u1ec7u m\u1ed9t v\u00e0i cung b\u1eadc. Th\u01a1 l\u00e0 m\u1ed9t h\u1ecda ph\u1ea9m c\u00f3 th\u1ef1c c\u0169ng c\u00f3 h\u01b0. V\u0103n c\u1ee7a t\u00f4i c\u0169ng th\u1ebf, c\u00f3 th\u1ec3 t\u1eeb nh\u1eefng tr\u1ea3i nghi\u1ec7m trong \u0111\u1eddi s\u1ed1ng th\u1ef1c, c\u0169ng c\u00f3 th\u1ec3 l\u00e0 nh\u1eefng h\u01b0 c\u1ea5u cho \u0111\u1eddi th\u00eam vui. Nh\u1ea1c c\u1ee7a t\u00f4i kh\u1edfi \u0111i t\u1eeb \u00e2m \u0111i\u1ec7u c\u1ee7a nh\u1eefng v\u1ea7n th\u01a1 t\u00f4i vi\u1ebft ho\u1eb7c c\u1ee7a b\u1ea1n b\u00e8. Nh\u1eefng \u00e2m \u0111i\u1ec7u th\u01a1 \u0111\u00f3 \u0111\u00e3 kh\u01a1i g\u1ee3i n\u00ean cung b\u1eadc \u0111\u1ec3 c\u00f9ng v\u1edbi t\u00f4i tr\u1ea3i l\u00f2ng; r\u1ed3i b\u01b0\u1edbc xa h\u01a1n m\u1ed9t ch\u00fat \u0111\u1ec3 mong c\u1ed1ng hi\u1ebfn cho \u0111\u1eddi nh\u1eefng nh\u00e1nh hoa \u0111\u1eb9p v\u1edbi t\u1ea5t c\u1ea3 khi\u00eam nh\u01b0\u1eddng. T\u00f4i c\u0169ng ca. Gi\u1ecdng ca m\u1ed9c m\u1ea1c, kh\u00f4ng \u0111\u01b0\u1ee3c trau chu\u1ed1t b\u1edfi nh\u1eefng c\u00f4ng c\u1ee5 \u0111\u1eb7c bi\u1ec7t. Ca nh\u01b0 \u0111\u1ec3 \u0111\u1ed3ng h\u00e0nh c\u00f9ng \u00e2m nh\u1ea1c \u0111\u1ec3 t\u1ef1 gi\u1ea3i tr\u00ed; nh\u01b0ng n\u1ebfu gi\u1ecdng ca t\u00f4i c\u00f3 l\u00e0m cho b\u1ea1n rung c\u1ea3m m\u1ed9t ch\u00fat th\u00ec \u0111\u00f3 l\u00e0 m\u1ed9t ni\u1ec1m vui c\u1ed9ng h\u01b0\u1edfng.<\/p>\n<p align=\"justify\">T\u00f4i c\u1ed1 g\u1eafng trong gi\u1edbi h\u1ea1n c\u1ee7a m\u00ecnh \u0111\u1ec3 h\u00ecnh th\u00e0nh nh\u1eefng b\u1ee9c tranh th\u01a1 v\u0103n nh\u1ea1c c\u1ee7a t\u00f4i mong chia s\u1ebb v\u1edbi m\u1ecdi ng\u01b0\u1eddi, v\u1edbi b\u1eb1ng h\u1eefu; ho\u1eb7c g\u00f3p nh\u1eb7t th\u00eam v\u00e0o khu v\u01b0\u1eddn v\u0103n h\u1ecdc Vi\u1ec7t Nam v\u1ed1n c\u00f3 h\u00e0ng tr\u0103m h\u00e0ng tri\u1ec7u c\u00e1nh hoa r\u1ef1c r\u1ee1 kh\u00e1c nhau, \u0111\u1ea7y r\u1eaby h\u01b0\u01a1ng s\u1eafc.<\/p>\n<p align=\"justify\">T\u00f4i mong s\u1ebd l\u01b0u l\u1ea1i \u0111\u00e2y m\u1ed9t b\u1ee9c tranh s\u1ed1ng \u0111\u1ed9ng c\u1ee7a \u0111\u1eddi m\u00ecnh v\u00ec khi \u201cN\u1eb1m tr\u00ean tri\u1ec1n d\u1ed1c cu\u1ed9c \u0111\u1eddi, b\u00e2ng khu\u00e2ng t\u00f4i l\u1ea1i kh\u00f3c c\u01b0\u1eddi b\u00e2ng khu\u00e2ng. V\u1edbi tay n\u00edu k\u00e9o m\u00f9a xu\u00e2n, m\u1ed9t \u0111\u1eddi t\u01b0\u1edfng ti\u1ebfc, m\u1ea5y t\u1eebng m\u00e2y bay\u201d.<\/p>\n<p align=\"justify\">Khi b\u1ea1n ra v\u1ec1 xin \u0111\u1eebng qu\u00ean ghi l\u1ea1i m\u1ea5y d\u00f2ng l\u01b0u b\u00fat, <em>\u201cra v\u1ec1\u2026 xin ch\u1eadm b\u01b0\u1edbc ch\u00e2n, \u0111\u00e2y n\u00e8 v\u1ea1t \u00e1o \u0111\u1ec1 gi\u00f9m c\u00e2u th\u01a1\u201d.<\/em> T\u00f4i mong b\u1ea1n \u0111\u00e3 c\u00f3 nh\u1eefng gi\u00e2y ph\u00fat tho\u1ea3i m\u00e1i, th\u00e2n t\u00ecnh trong c\u0103n nh\u00e0 nh\u1ecf v\u00e0 xin \u0111\u01b0\u1ee3c th\u00e2n \u00e1i ch\u00fac b\u1ea1n lu\u00f4n c\u00f3 nh\u1eefng ni\u1ec1m vui trong \u0111\u1eddi. <\/p>\n<p align=\"justify\">V\u00e0 n\u1ebfu c\u00f3 th\u1ec3, xin b\u1ea1n ch\u1ec9 \u0111\u01b0\u1eddng \u0111\u1ec3 t\u00f4i sang th\u0103m \u0111\u00e1p l\u1ec5. Xin \u0111\u1eebng qu\u00ean ghi l\u1ea1i \u0111\u00f4i d\u00f2ng tr\u00ean v\u00e1ch trong th\u01b0 ph\u00f2ng \u201cL\u01b0u B\u00fat\u201d l\u00e0m qu\u00e0 h\u1ea1nh ng\u1ed9. M\u1ed9t l\u1ea7n n\u1eefa c\u00e1m \u01a1n b\u1ea1n \u0111\u00e3 d\u00e0nh th\u00ec gi\u1edd qu\u00fd b\u00e1u \u0111\u1ebfn \u0111\u00e2y th\u0103m vi\u1ebfng.<\/p>\n<p>Th\u00e2n \u00e1i,<\/p>\n<p><strong>Y\u00ean S\u01a1n<\/strong><\/p>\n","protected":false},"excerpt":{"rendered":"<p>Ch\u00e0o M\u1eebng B\u1ea1n \u0110\u1ebfn Th\u0103m T\u00f4i Th\u00e2n \u00e1i ch\u00e0o m\u1eebng b\u1ea1n \u0111\u1ebfn th\u0103m t\u00f4i C\u0103n nh\u00e0 m\u1edbi x\u00e2y r\u1ea5t l\u00e0 vinh d\u1ef1 Nhi\u1ec1u ph\u00f2ng \u1ed1c c\u00f9ng s\u1eafc m\u00e0u \u0111\u1ee7 th\u1ee9 Ki\u1ebfn tr\u00fac t\u00e2n k\u1ef3 c\u1ee7a m\u1ed9t giai nh\u00e2n &#8230;v\u00e0 ri\u00eang t\u00f4i, xin g\u1eedi \u0111\u1ebfn qu\u00fd \u0111\u1ed9c gi\u1ea3 l\u1eddi t\u00e2m s\u1ef1: Th\u01a1, V\u0103n, Ca, Nh\u1ea1c&#8230; kh\u00f4ng [&hellip;]<\/p>\n","protected":false},"author":1,"featured_media":0,"parent":0,"menu_order":1,"comment_status":"closed","ping_status":"open","template":"","meta":{"_exactmetrics_skip_tracking":false,"_exactmetrics_sitenote_active":false,"_exactmetrics_sitenote_note":"","_exactmetrics_sitenote_category":0,"ngg_post_thumbnail":0,"footnotes":""},"_links":{"self":[{"href":"https:\/\/thovanyenson.com\/index.php?rest_route=\/wp\/v2\/pages\/122"}],"collection":[{"href":"https:\/\/thovanyenson.com\/index.php?rest_route=\/wp\/v2\/pages"}],"about":[{"href":"https:\/\/thovanyenson.com\/index.php?rest_route=\/wp\/v2\/types\/page"}],"author":[{"embeddable":true,"href":"https:\/\/thovanyenson.com\/index.php?rest_route=\/wp\/v2\/users\/1"}],"replies":[{"embeddable":true,"href":"https:\/\/thovanyenson.com\/index.php?rest_route=%2Fwp%2Fv2%2Fcomments&post=122"}],"version-history":[{"count":48,"href":"https:\/\/thovanyenson.com\/index.php?rest_route=\/wp\/v2\/pages\/122\/revisions"}],"predecessor-version":[{"id":126,"href":"https:\/\/thovanyenson.com\/index.php?rest_route=\/wp\/v2\/pages\/122\/revisions\/126"}],"wp:attachment":[{"href":"https:\/\/thovanyenson.com\/index.php?rest_route=%2Fwp%2Fv2%2Fmedia&parent=122"}],"curies":[{"name":"wp","href":"https:\/\/api.w.org\/{rel}","templated":true}]}}